{"id":52,"date":"2011-05-19T14:18:59","date_gmt":"2011-05-19T11:18:59","guid":{"rendered":"http:\/\/raamatupidamine.koolserve.com\/ee\/?page_id=52"},"modified":"2011-05-19T14:18:59","modified_gmt":"2011-05-19T11:18:59","slug":"arvete-haldusteenus","status":"publish","type":"page","link":"http:\/\/www.raamatupidamisteenus.eu\/ee\/teenused\/arvete-haldusteenus\/","title":{"rendered":"Arvete haldusteenus"},"content":{"rendered":"<h3>Meie pakume j\u00e4rgmised arvete\u00a0<a title=\"Arvete haldusteenus\" href=\"http:\/\/raamatupidamine.koolserve.com\/ee\/index.php\/teenused\/arvete-haldusteenus\/\">haldusteenused<\/a>:<\/h3>\n<table>\n<tbody>\n<tr>\n<td><a href=\"http:\/\/www.raamatupidamisteenus.eu\/ee\/wp-content\/uploads\/2011\/05\/bills1.jpg\"><img decoding=\"async\" loading=\"lazy\" class=\"alignnone size-full wp-image-136\" title=\"bills\" src=\"http:\/\/www.raamatupidamisteenus.eu\/ee\/wp-content\/uploads\/2011\/05\/bills1.jpg\" alt=\"\" width=\"150\" height=\"201\" \/><\/a><\/td>\n<td>\n<ul>\n<li>arvete esitamine<\/li>\n<li>makse meeldetuletused<\/li>\n<li>maksete registreerimine<\/li>\n<li>inkasso ja v\u00f5lgade sissen\u00f5udmine<\/li>\n<li>kiirteatised<\/li>\n<\/ul>\n<p>Arvete haldamise teenus aitab Teile kiiremini saada arvete summad! Meie haldame k\u00f5ik Teie arved, Te ainult m\u00e4\u00e4rate tingimusi! N\u00e4iteks, Te tahate, et 2 p\u00e4eva p\u00e4rast arve t\u00e4htaja m\u00f6\u00f6dumisel klient saaks e-kiri, 5 p\u00e4eva p\u00e4rast SMS ja 14 p\u00e4eva p\u00e4rast maksmata arved automaatselt edastatakse inkasso firmale. Teile pole vaja seda k\u00f5ike tegema, sest meie teeme seda ise \u00e4ra!<\/td>\n<\/tr>\n<\/tbody>\n<\/table>\n","protected":false},"excerpt":{"rendered":"<p>Meie pakume j\u00e4rgmised arvete\u00a0haldusteenused: arvete esitamine makse meeldetuletused maksete registreerimine inkasso ja v\u00f5lgade sissen\u00f5udmine kiirteatised Arvete haldamise teenus aitab Teile kiiremini saada arvete summad! Meie haldame k\u00f5ik Teie arved, Te ainult m\u00e4\u00e4rate tingimusi! N\u00e4iteks, Te tahate, et 2 p\u00e4eva p\u00e4rast arve t\u00e4htaja m\u00f6\u00f6dumisel klient saaks e-kiri, 5 p\u00e4eva p\u00e4rast SMS ja 14 p\u00e4eva p\u00e4rast maksmata &hellip; <a href=\"http:\/\/www.raamatupidamisteenus.eu\/ee\/teenused\/arvete-haldusteenus\/\" class=\"more-link\">Continue reading <span class=\"screen-reader-text\">Arvete haldusteenus<\/span> <span class=\"meta-nav\">&rarr;<\/span><\/a><\/p>\n","protected":false},"author":1,"featured_media":136,"parent":22,"menu_order":9,"comment_status":"open","ping_status":"closed","template":"","meta":{"footnotes":""},"_links":{"self":[{"href":"http:\/\/www.raamatupidamisteenus.eu\/ee\/wp-json\/wp\/v2\/pages\/52"}],"collection":[{"href":"http:\/\/www.raamatupidamisteenus.eu\/ee\/wp-json\/wp\/v2\/pages"}],"about":[{"href":"http:\/\/www.raamatupidamisteenus.eu\/ee\/wp-json\/wp\/v2\/types\/page"}],"author":[{"embeddable":true,"href":"http:\/\/www.raamatupidamisteenus.eu\/ee\/wp-json\/wp\/v2\/users\/1"}],"replies":[{"embeddable":true,"href":"http:\/\/www.raamatupidamisteenus.eu\/ee\/wp-json\/wp\/v2\/comments?post=52"}],"version-history":[{"count":0,"href":"http:\/\/www.raamatupidamisteenus.eu\/ee\/wp-json\/wp\/v2\/pages\/52\/revisions"}],"up":[{"embeddable":true,"href":"http:\/\/www.raamatupidamisteenus.eu\/ee\/wp-json\/wp\/v2\/pages\/22"}],"wp:featuredmedia":[{"embeddable":true,"href":"http:\/\/www.raamatupidamisteenus.eu\/ee\/wp-json\/wp\/v2\/media\/136"}],"wp:attachment":[{"href":"http:\/\/www.raamatupidamisteenus.eu\/ee\/wp-json\/wp\/v2\/media?parent=52"}],"curies":[{"name":"wp","href":"https:\/\/api.w.org\/{rel}","templated":true}]}}