{"id":50,"date":"2011-05-19T14:18:19","date_gmt":"2011-05-19T11:18:19","guid":{"rendered":"http:\/\/raamatupidamine.koolserve.com\/ee\/?page_id=50"},"modified":"2011-05-19T14:18:19","modified_gmt":"2011-05-19T11:18:19","slug":"juriidilised-teenused","status":"publish","type":"page","link":"http:\/\/www.raamatupidamisteenus.eu\/ee\/teenused\/juriidilised-teenused\/","title":{"rendered":"Juriidilised teenused"},"content":{"rendered":"<h3>Meie pakume j\u00e4rgmised\u00a0<a title=\"Juriidilised teenused\" href=\"http:\/\/raamatupidamine.koolserve.com\/ee\/index.php\/teenused\/juriidilised-teenused\/\">juriidilised teenused<\/a>:<\/h3>\n<table width=\"100%\">\n<tbody>\n<tr>\n<td><a href=\"http:\/\/www.raamatupidamisteenus.eu\/ee\/wp-content\/uploads\/2011\/05\/legal1.jpg\"><img decoding=\"async\" loading=\"lazy\" class=\"alignnone size-medium wp-image-145\" title=\"legal\" src=\"http:\/\/www.raamatupidamisteenus.eu\/ee\/wp-content\/uploads\/2011\/05\/legal1-300x225.jpg\" alt=\"\" width=\"150\" height=\"113\" srcset=\"http:\/\/www.raamatupidamisteenus.eu\/ee\/wp-content\/uploads\/2011\/05\/legal1-300x225.jpg 300w, http:\/\/www.raamatupidamisteenus.eu\/ee\/wp-content\/uploads\/2011\/05\/legal1.jpg 700w\" sizes=\"(max-width: 150px) 100vw, 150px\" \/><\/a><\/td>\n<td>\n<ul>\n<li>Lepingute koostamine<\/li>\n<li>V\u00f5lgade sissen\u00f5udmine<\/li>\n<li>Notar<\/li>\n<li>Uue ettev\u00f5tte asutamine<\/li>\n<li>Ettev\u00f5tte jagamine, likvideerimine, m\u00fc\u00fck ja teised tehingud seotud ettev\u00f5tte struktuuri muutmisega<\/li>\n<li>T\u00f6\u00f6lepingu seadusega seotud probleemid ja k\u00fcsimused<\/li>\n<li>Finants- ja riigiasutustega suhtlemine ja koost\u00f6\u00f6<\/li>\n<\/ul>\n<\/td>\n<\/tr>\n<\/tbody>\n<\/table>\n","protected":false},"excerpt":{"rendered":"<p>Meie pakume j\u00e4rgmised\u00a0juriidilised teenused: Lepingute koostamine V\u00f5lgade sissen\u00f5udmine Notar Uue ettev\u00f5tte asutamine Ettev\u00f5tte jagamine, likvideerimine, m\u00fc\u00fck ja teised tehingud seotud ettev\u00f5tte struktuuri muutmisega T\u00f6\u00f6lepingu seadusega seotud probleemid ja k\u00fcsimused Finants- ja riigiasutustega suhtlemine ja koost\u00f6\u00f6<\/p>\n","protected":false},"author":1,"featured_media":145,"parent":22,"menu_order":8,"comment_status":"open","ping_status":"closed","template":"","meta":{"footnotes":""},"_links":{"self":[{"href":"http:\/\/www.raamatupidamisteenus.eu\/ee\/wp-json\/wp\/v2\/pages\/50"}],"collection":[{"href":"http:\/\/www.raamatupidamisteenus.eu\/ee\/wp-json\/wp\/v2\/pages"}],"about":[{"href":"http:\/\/www.raamatupidamisteenus.eu\/ee\/wp-json\/wp\/v2\/types\/page"}],"author":[{"embeddable":true,"href":"http:\/\/www.raamatupidamisteenus.eu\/ee\/wp-json\/wp\/v2\/users\/1"}],"replies":[{"embeddable":true,"href":"http:\/\/www.raamatupidamisteenus.eu\/ee\/wp-json\/wp\/v2\/comments?post=50"}],"version-history":[{"count":0,"href":"http:\/\/www.raamatupidamisteenus.eu\/ee\/wp-json\/wp\/v2\/pages\/50\/revisions"}],"up":[{"embeddable":true,"href":"http:\/\/www.raamatupidamisteenus.eu\/ee\/wp-json\/wp\/v2\/pages\/22"}],"wp:featuredmedia":[{"embeddable":true,"href":"http:\/\/www.raamatupidamisteenus.eu\/ee\/wp-json\/wp\/v2\/media\/145"}],"wp:attachment":[{"href":"http:\/\/www.raamatupidamisteenus.eu\/ee\/wp-json\/wp\/v2\/media?parent=50"}],"curies":[{"name":"wp","href":"https:\/\/api.w.org\/{rel}","templated":true}]}}