{"id":48,"date":"2011-05-19T14:18:02","date_gmt":"2011-05-19T11:18:02","guid":{"rendered":"http:\/\/raamatupidamine.koolserve.com\/ee\/?page_id=48"},"modified":"2011-05-19T14:18:02","modified_gmt":"2011-05-19T11:18:02","slug":"finantsteenused","status":"publish","type":"page","link":"http:\/\/www.raamatupidamisteenus.eu\/ee\/teenused\/finantsteenused\/","title":{"rendered":"Finantsteenused"},"content":{"rendered":"<h3>Meie pakume j\u00e4rgmised\u00a0<a title=\"Finantsteenused\" href=\"http:\/\/raamatupidamine.koolserve.com\/ee\/index.php\/teenused\/finantsteenused\/\">finantsteenused<\/a>:<\/h3>\n<table width=\"100%\">\n<tbody>\n<tr>\n<td><a href=\"http:\/\/www.raamatupidamisteenus.eu\/ee\/wp-content\/uploads\/2011\/05\/finance1.jpg\"><img decoding=\"async\" loading=\"lazy\" class=\"alignnone size-full wp-image-143\" title=\"finance\" src=\"http:\/\/www.raamatupidamisteenus.eu\/ee\/wp-content\/uploads\/2011\/05\/finance1.jpg\" alt=\"\" width=\"150\" height=\"150\" srcset=\"http:\/\/www.raamatupidamisteenus.eu\/ee\/wp-content\/uploads\/2011\/05\/finance1.jpg 300w, http:\/\/www.raamatupidamisteenus.eu\/ee\/wp-content\/uploads\/2011\/05\/finance1-150x150.jpg 150w\" sizes=\"(max-width: 150px) 100vw, 150px\" \/><\/a><\/td>\n<td>\n<ul>\n<li>\n<div>Valmisfirmad<\/div>\n<\/li>\n<li>\n<div>Uue ettev\u00f5tte asutamine<\/div>\n<\/li>\n<li>\n<div>Ettev\u00f5tte jagamine, likvideerimine, m\u00fc\u00fck ja teised tehingud seotud ettev\u00f5tte struktuuri muutmisega<\/div>\n<\/li>\n<li>\n<div>Audiitori teenused<\/div>\n<\/li>\n<li>\n<div>Finantsanal\u00fc\u00fcsid ja prognoosid<\/div>\n<\/li>\n<li>\n<div>Eelarvete koostamine<\/div>\n<\/li>\n<li>\n<div>Finants- ja riigiasutustega suhtlemine ja koost\u00f6\u00f6<\/div>\n<\/li>\n<\/ul>\n<\/td>\n<\/tr>\n<\/tbody>\n<\/table>\n","protected":false},"excerpt":{"rendered":"<p>Meie pakume j\u00e4rgmised\u00a0finantsteenused: Valmisfirmad Uue ettev\u00f5tte asutamine Ettev\u00f5tte jagamine, likvideerimine, m\u00fc\u00fck ja teised tehingud seotud ettev\u00f5tte struktuuri muutmisega Audiitori teenused Finantsanal\u00fc\u00fcsid ja prognoosid Eelarvete koostamine Finants- ja riigiasutustega suhtlemine ja koost\u00f6\u00f6<\/p>\n","protected":false},"author":1,"featured_media":143,"parent":22,"menu_order":7,"comment_status":"open","ping_status":"open","template":"","meta":{"footnotes":""},"_links":{"self":[{"href":"http:\/\/www.raamatupidamisteenus.eu\/ee\/wp-json\/wp\/v2\/pages\/48"}],"collection":[{"href":"http:\/\/www.raamatupidamisteenus.eu\/ee\/wp-json\/wp\/v2\/pages"}],"about":[{"href":"http:\/\/www.raamatupidamisteenus.eu\/ee\/wp-json\/wp\/v2\/types\/page"}],"author":[{"embeddable":true,"href":"http:\/\/www.raamatupidamisteenus.eu\/ee\/wp-json\/wp\/v2\/users\/1"}],"replies":[{"embeddable":true,"href":"http:\/\/www.raamatupidamisteenus.eu\/ee\/wp-json\/wp\/v2\/comments?post=48"}],"version-history":[{"count":0,"href":"http:\/\/www.raamatupidamisteenus.eu\/ee\/wp-json\/wp\/v2\/pages\/48\/revisions"}],"up":[{"embeddable":true,"href":"http:\/\/www.raamatupidamisteenus.eu\/ee\/wp-json\/wp\/v2\/pages\/22"}],"wp:featuredmedia":[{"embeddable":true,"href":"http:\/\/www.raamatupidamisteenus.eu\/ee\/wp-json\/wp\/v2\/media\/143"}],"wp:attachment":[{"href":"http:\/\/www.raamatupidamisteenus.eu\/ee\/wp-json\/wp\/v2\/media?parent=48"}],"curies":[{"name":"wp","href":"https:\/\/api.w.org\/{rel}","templated":true}]}}