{"id":22,"date":"2011-05-19T12:55:21","date_gmt":"2011-05-19T09:55:21","guid":{"rendered":"http:\/\/raamatupidamine.koolserve.com\/ee\/?page_id=22"},"modified":"2011-05-19T12:55:21","modified_gmt":"2011-05-19T09:55:21","slug":"teenused","status":"publish","type":"page","link":"http:\/\/www.raamatupidamisteenus.eu\/ee\/teenused\/","title":{"rendered":"Teenused"},"content":{"rendered":"<table width=\"100%\">\n<tbody>\n<tr>\n<td><img decoding=\"async\" loading=\"lazy\" class=\"attachment-266x266\" title=\"Teenused\" src=\"http:\/\/www.raamatupidamisteenus.eu\/ee\/wp-content\/uploads\/2011\/05\/services1-300x257.jpg\" alt=\"Raamatupidamine\" width=\"150\" height=\"129\" \/><\/td>\n<td><span>Meie ettev\u00f5tte pakub teenused juriidiliste ja f\u00fc\u00fcsilistele isikutele (O\u00dc, AS, FIE, MT\u00dc, K\u00dc, H\u00dc ja teised) eesti, inglise ja vene keeles.<br \/>\nTeeme oma t\u00f6\u00f6d k\u00f5rge kvaliteediga ja v\u00f5imalikult kiiresti. Meil on k\u00f5ige odavamad hinnad Eestis!<\/p>\n<p>Pakume oma klientidele j\u00e4rgmised teenused:<\/span><\/p>\n<ul>\n<li>\n<div><a title=\"Raamatupidamisteenused\" href=\"http:\/\/raamatupidamine.koolserve.com\/ee\/index.php\/teenused\/raamatupidamisteenused\/\">Raamatupidamisteenused<\/a><\/div>\n<\/li>\n<li><a title=\"Finantsteenused\" href=\"http:\/\/raamatupidamine.koolserve.com\/ee\/index.php\/teenused\/finantsteenused\/\">Finantsteenused<\/a><\/li>\n<li><a title=\"Juriidilised teenused\" href=\"http:\/\/raamatupidamine.koolserve.com\/ee\/index.php\/teenused\/juriidilised-teenused\/\">Juriidilised teenused<\/a><\/li>\n<li><a title=\"Arvete haldusteenus\" href=\"http:\/\/raamatupidamine.koolserve.com\/ee\/index.php\/teenused\/arvete-haldusteenus\/\">Arvete haldusteenus<\/a><\/li>\n<li><a title=\"Konsulteerimine\" href=\"http:\/\/raamatupidamine.koolserve.com\/ee\/index.php\/teenused\/konsulteerimine\/\">Konsulteerimine<\/a><\/li>\n<\/ul>\n<\/td>\n<\/tr>\n<\/tbody>\n<\/table>\n","protected":false},"excerpt":{"rendered":"<p>Meie ettev\u00f5tte pakub teenused juriidiliste ja f\u00fc\u00fcsilistele isikutele (O\u00dc, AS, FIE, MT\u00dc, K\u00dc, H\u00dc ja teised) eesti, inglise ja vene keeles. Teeme oma t\u00f6\u00f6d k\u00f5rge kvaliteediga ja v\u00f5imalikult kiiresti. Meil on k\u00f5ige odavamad hinnad Eestis! Pakume oma klientidele j\u00e4rgmised teenused: Raamatupidamisteenused Finantsteenused Juriidilised teenused Arvete haldusteenus Konsulteerimine<\/p>\n","protected":false},"author":1,"featured_media":148,"parent":0,"menu_order":2,"comment_status":"open","ping_status":"closed","template":"","meta":{"footnotes":""},"_links":{"self":[{"href":"http:\/\/www.raamatupidamisteenus.eu\/ee\/wp-json\/wp\/v2\/pages\/22"}],"collection":[{"href":"http:\/\/www.raamatupidamisteenus.eu\/ee\/wp-json\/wp\/v2\/pages"}],"about":[{"href":"http:\/\/www.raamatupidamisteenus.eu\/ee\/wp-json\/wp\/v2\/types\/page"}],"author":[{"embeddable":true,"href":"http:\/\/www.raamatupidamisteenus.eu\/ee\/wp-json\/wp\/v2\/users\/1"}],"replies":[{"embeddable":true,"href":"http:\/\/www.raamatupidamisteenus.eu\/ee\/wp-json\/wp\/v2\/comments?post=22"}],"version-history":[{"count":1,"href":"http:\/\/www.raamatupidamisteenus.eu\/ee\/wp-json\/wp\/v2\/pages\/22\/revisions"}],"predecessor-version":[{"id":259,"href":"http:\/\/www.raamatupidamisteenus.eu\/ee\/wp-json\/wp\/v2\/pages\/22\/revisions\/259"}],"wp:featuredmedia":[{"embeddable":true,"href":"http:\/\/www.raamatupidamisteenus.eu\/ee\/wp-json\/wp\/v2\/media\/148"}],"wp:attachment":[{"href":"http:\/\/www.raamatupidamisteenus.eu\/ee\/wp-json\/wp\/v2\/media?parent=22"}],"curies":[{"name":"wp","href":"https:\/\/api.w.org\/{rel}","templated":true}]}}