{"id":19,"date":"2011-05-19T12:52:39","date_gmt":"2011-05-19T09:52:39","guid":{"rendered":"http:\/\/raamatupidamine.koolserve.com\/ee\/?page_id=19"},"modified":"2011-05-19T12:52:39","modified_gmt":"2011-05-19T09:52:39","slug":"meist","status":"publish","type":"page","link":"http:\/\/www.raamatupidamisteenus.eu\/ee\/meist\/","title":{"rendered":"Meist"},"content":{"rendered":"<p style=\"text-align: left;\"><a href=\"http:\/\/www.raamatupidamisteenus.eu\/ee\/wp-content\/uploads\/2011\/05\/avaleht1.jpg\"><img decoding=\"async\" loading=\"lazy\" class=\"size-full wp-image-135 aligncenter\" title=\"avaleht\" src=\"http:\/\/www.raamatupidamisteenus.eu\/ee\/wp-content\/uploads\/2011\/05\/avaleht1.jpg\" alt=\"\" width=\"568\" height=\"92\" srcset=\"http:\/\/www.raamatupidamisteenus.eu\/ee\/wp-content\/uploads\/2011\/05\/avaleht1.jpg 568w, http:\/\/www.raamatupidamisteenus.eu\/ee\/wp-content\/uploads\/2011\/05\/avaleht1-300x48.jpg 300w\" sizes=\"(max-width: 568px) 100vw, 568px\" \/><\/a><br \/>\nJeletski Bookkeepers O\u00dc on raamatupidamisteenuste pakutav ettev\u00f5tte.<\/p>\n<p style=\"text-align: left;\">Meie ettev\u00f5te pakub finants- ja raamatupidamisteenused teistele ettev\u00f5ttele, FIE-le, \u00fchistutele ja teistele isikutele.<\/p>\n<p style=\"text-align: left;\">Meie ettev\u00f5te pakub finants- ja raamatupidamisteenused teistele ettev\u00f5ttele, FIE-le, \u00fchistutele ja teistele isikutele.<\/p>\n<p style=\"text-align: left;\">Meie firmas t\u00f6\u00f6tavad professionaalsed raamatupidajat suure kogemusega &#8211; alates 1981 aastast. Nad aitavad Teile lahendada absoluutselt k\u00f5ik k\u00fcsimused, mis on seotud firma igap\u00e4evase raamatupidamisega ja finantsiga.<\/p>\n<p style=\"text-align: left;\">Vaatamata seda, et meie teenused on k\u00f5rgkvaliteetsed, pakume meie kliendile v\u00e4ga head soodustused ja parimad hinnad sellel turul. Meie oleme mitte ainult parimad, aga ka kiiremaid meie \u00e4ris ja oleme valmis t\u00f6\u00f6tada k\u00f5ikides t\u00e4htaegades.<\/p>\n<p style=\"text-align: left;\">Meil on parimad:<\/p>\n<ul>\n<li style=\"text-align: left;\">\n<div class=\"center\">raamatupidajat suure kogemusega;<\/div>\n<\/li>\n<li style=\"text-align: left;\">\n<div class=\"center\">k\u00f5rgkvaliteetsed teenused;<\/div>\n<\/li>\n<li style=\"text-align: left;\">\n<div class=\"center\">hinnad koos erinevate soodustustega;<\/div>\n<\/li>\n<li>\n<div class=\"center\" style=\"text-align: left;\">t\u00e4htajad, millal me teeme Teie t\u00f6\u00f6<\/div>\n<\/li>\n<\/ul>\n","protected":false},"excerpt":{"rendered":"<p>Jeletski Bookkeepers O\u00dc on raamatupidamisteenuste pakutav ettev\u00f5tte. Meie ettev\u00f5te pakub finants- ja raamatupidamisteenused teistele ettev\u00f5ttele, FIE-le, \u00fchistutele ja teistele isikutele. Meie ettev\u00f5te pakub finants- ja raamatupidamisteenused teistele ettev\u00f5ttele, FIE-le, \u00fchistutele ja teistele isikutele. Meie firmas t\u00f6\u00f6tavad professionaalsed raamatupidajat suure kogemusega &#8211; alates 1981 aastast. Nad aitavad Teile lahendada absoluutselt k\u00f5ik k\u00fcsimused, mis on seotud firma &hellip; <a href=\"http:\/\/www.raamatupidamisteenus.eu\/ee\/meist\/\" class=\"more-link\">Continue reading <span class=\"screen-reader-text\">Meist<\/span> <span class=\"meta-nav\">&rarr;<\/span><\/a><\/p>\n","protected":false},"author":1,"featured_media":135,"parent":0,"menu_order":1,"comment_status":"open","ping_status":"closed","template":"","meta":{"footnotes":""},"_links":{"self":[{"href":"http:\/\/www.raamatupidamisteenus.eu\/ee\/wp-json\/wp\/v2\/pages\/19"}],"collection":[{"href":"http:\/\/www.raamatupidamisteenus.eu\/ee\/wp-json\/wp\/v2\/pages"}],"about":[{"href":"http:\/\/www.raamatupidamisteenus.eu\/ee\/wp-json\/wp\/v2\/types\/page"}],"author":[{"embeddable":true,"href":"http:\/\/www.raamatupidamisteenus.eu\/ee\/wp-json\/wp\/v2\/users\/1"}],"replies":[{"embeddable":true,"href":"http:\/\/www.raamatupidamisteenus.eu\/ee\/wp-json\/wp\/v2\/comments?post=19"}],"version-history":[{"count":0,"href":"http:\/\/www.raamatupidamisteenus.eu\/ee\/wp-json\/wp\/v2\/pages\/19\/revisions"}],"wp:featuredmedia":[{"embeddable":true,"href":"http:\/\/www.raamatupidamisteenus.eu\/ee\/wp-json\/wp\/v2\/media\/135"}],"wp:attachment":[{"href":"http:\/\/www.raamatupidamisteenus.eu\/ee\/wp-json\/wp\/v2\/media?parent=19"}],"curies":[{"name":"wp","href":"https:\/\/api.w.org\/{rel}","templated":true}]}}